{"id":631,"date":"2026-02-17T12:55:48","date_gmt":"2026-02-17T12:55:48","guid":{"rendered":"https:\/\/masophro.com\/?page_id=631"},"modified":"2026-02-25T08:53:51","modified_gmt":"2026-02-25T08:53:51","slug":"fleurs-de-bach","status":"publish","type":"page","link":"https:\/\/masophro.com\/index.php\/fleurs-de-bach\/","title":{"rendered":"Fleurs de Bach"},"content":{"rendered":"\t\t<div data-elementor-type=\"wp-page\" data-elementor-id=\"631\" class=\"elementor elementor-631\">\n\t\t\t\t<div class=\"elementor-element elementor-element-87a2a7e e-flex e-con-boxed e-con e-parent\" data-id=\"87a2a7e\" data-element_type=\"container\" data-e-type=\"container\">\n\t\t\t\t\t<div class=\"e-con-inner\">\n\t\t\t\t<div class=\"elementor-element elementor-element-a3ad576 elementor-widget elementor-widget-menu-anchor\" data-id=\"a3ad576\" data-element_type=\"widget\" data-e-type=\"widget\" data-widget_type=\"menu-anchor.default\">\n\t\t\t\t\t\t\t<div class=\"elementor-menu-anchor\" id=\"origine\"><\/div>\n\t\t\t\t\t\t<\/div>\n\t\t\t\t\t<\/div>\n\t\t\t\t<\/div>\n\t\t<div class=\"elementor-element elementor-element-577d07c e-flex e-con-boxed e-con e-parent\" data-id=\"577d07c\" data-element_type=\"container\" data-e-type=\"container\">\n\t\t\t\t\t<div class=\"e-con-inner\">\n\t\t\t\t<div class=\"elementor-element elementor-element-7c4276c elementor-widget elementor-widget-about_section_ppt\" data-id=\"7c4276c\" data-element_type=\"widget\" data-e-type=\"widget\" data-widget_type=\"about_section_ppt.default\">\n\t\t\t\t<div class=\"elementor-widget-container\">\n\t\t\t\t\t\n\n<div class=\"site-section margin-top\" style=\"--mt: 30px; --mt-md: 46px; --mt-lg: 86px;\">\n    <div class=\"container\">\n        <div class=\"site-section-inner\">\n            <div class=\"row gap-y-30 align-items-center\">\n                <div class=\"col-12 col-md-12 col-lg-6 order-1 order-lg-2\">\n                                            <div class=\"padding-left\" style=\"--pl: 0; --pl-md: 0; --pl-lg: 20px;\">\n                            <div class=\"entry-media position-relative overflow-hidden rounded-base inview-element\" data-inview-animation=\"transformY\">\n                                    <img decoding=\"async\" src=\"https:\/\/masophro.com\/wp-content\/uploads\/2026\/02\/Dr-Bach-123.png\" alt=\"Origine\">\n                            <\/div>\n                            <!-- entry-media -->\n                        <\/div>\n                        <!-- padding-left -->\n                                    <\/div>\n                <!-- col -->\n                <div class=\"col-12 col-md-12 col-lg-6 order-2 order-lg-1\">\n                    <div class=\"padding-right\" style=\"--pr: 0; --pr-md: 0; --pr-lg: 20px;\">\n                        <div class=\"site-text-content\">\n                            \n                                                            <h2 class=\"entry-title title-3xl font-semibold tracking-tighter\">\n                                    Origine                                <\/h2>\n                            \n                            <div class=\"entry-description\">\n                                                                    <p class=\"description-xl font-medium text-gray-600\">\n                                        Les Fleurs de Bach tirent leur nom du Dr Edward Bach, m\u00e9decin britannique n\u00e9 en 1886. Form\u00e9 \u00e0 la m\u00e9decine conventionnelle puis \u00e0 l\u2019hom\u00e9opathie, il s\u2019est progressivement int\u00e9ress\u00e9 au lien entre les \u00e9motions et l\u2019\u00e9tat de sant\u00e9 g\u00e9n\u00e9ral. Convaincu que les d\u00e9s\u00e9quilibres \u00e9motionnels influencent profond\u00e9ment le bien-\u00eatre physique, il a consacr\u00e9 plusieurs ann\u00e9es \u00e0 rechercher des solutions naturelles destin\u00e9es \u00e0 r\u00e9tablir l\u2019harmonie int\u00e9rieure.\nDans les ann\u00e9es 1930, il met au point 38 \u00e9lixirs floraux, chacun correspondant \u00e0 un \u00e9tat \u00e9motionnel sp\u00e9cifique. Il regroupe ces \u00e9tats en sept grandes familles : les peurs, l\u2019incertitude, le manque d\u2019int\u00e9r\u00eat pour le pr\u00e9sent, la solitude, l\u2019hypersensibilit\u00e9, le d\u00e9couragement ou d\u00e9sespoir, et la pr\u00e9occupation excessive pour autrui.\nSon approche repose sur une vision globale de la personne : selon lui, retrouver un \u00e9quilibre \u00e9motionnel favorise un mieux-\u00eatre g\u00e9n\u00e9ral. Apr\u00e8s son d\u00e9c\u00e8s en 1936, sa m\u00e9thode continue de se d\u00e9velopper et d\u2019\u00eatre utilis\u00e9e dans diff\u00e9rents pays.                                    <\/p>\n                                \n                                                            <\/div>\n                            <!-- entry-description -->\n\n                                                        <!-- entry-actions -->\n                        <\/div>\n                        <!-- site-text-content -->\n\n                                            <\/div>\n                    <!-- padding-right -->\n                <\/div>\n                <!-- col -->\n\n                <!-- col -->\n            <\/div>\n            <!-- row -->\n        <\/div>\n        <!-- site-section-inner -->\n    <\/div>\n    <!-- container -->\n<\/div>\n<!-- site-section -->\n\n        \t\t\t\t<\/div>\n\t\t\t\t<\/div>\n\t\t\t\t\t<\/div>\n\t\t\t\t<\/div>\n\t\t<div class=\"elementor-element elementor-element-917ddb5 e-flex e-con-boxed e-con e-parent\" data-id=\"917ddb5\" data-element_type=\"container\" data-e-type=\"container\">\n\t\t\t\t\t<div class=\"e-con-inner\">\n\t\t\t\t<div class=\"elementor-element elementor-element-aa1dc5d elementor-widget elementor-widget-menu-anchor\" data-id=\"aa1dc5d\" data-element_type=\"widget\" data-e-type=\"widget\" data-widget_type=\"menu-anchor.default\">\n\t\t\t\t\t\t\t<div class=\"elementor-menu-anchor\" id=\"methode\"><\/div>\n\t\t\t\t\t\t<\/div>\n\t\t\t\t\t<\/div>\n\t\t\t\t<\/div>\n\t\t<div class=\"elementor-element elementor-element-98e183e e-flex e-con-boxed e-con e-parent\" data-id=\"98e183e\" data-element_type=\"container\" data-e-type=\"container\">\n\t\t\t\t\t<div class=\"e-con-inner\">\n\t\t\t\t<div class=\"elementor-element elementor-element-20e3133 elementor-widget elementor-widget-about_section_ppt\" data-id=\"20e3133\" data-element_type=\"widget\" data-e-type=\"widget\" data-widget_type=\"about_section_ppt.default\">\n\t\t\t\t<div class=\"elementor-widget-container\">\n\t\t\t\t\t\n\n<div class=\"site-section margin-top\" style=\"--mt: 30px; --mt-md: 46px; --mt-lg: 86px;\">\n    <div class=\"container\">\n        <div class=\"site-section-inner\">\n            <div class=\"row gap-y-30 align-items-center\">\n                <div class=\"col-12 col-md-12 col-lg-6 order-1 order-lg-2\">\n                                            <div class=\"padding-left\" style=\"--pl: 0; --pl-md: 0; --pl-lg: 20px;\">\n                            <div class=\"entry-media position-relative overflow-hidden rounded-base inview-element\" data-inview-animation=\"transformY\">\n                                    <img decoding=\"async\" src=\"https:\/\/masophro.com\/wp-content\/uploads\/2026\/02\/Dr-Bach-fleur-1.png\" alt=\"M\u00e9thode\">\n                            <\/div>\n                            <!-- entry-media -->\n                        <\/div>\n                        <!-- padding-left -->\n                                    <\/div>\n                <!-- col -->\n                <div class=\"col-12 col-md-12 col-lg-6 order-2 order-lg-1\">\n                    <div class=\"padding-right\" style=\"--pr: 0; --pr-md: 0; --pr-lg: 20px;\">\n                        <div class=\"site-text-content\">\n                            \n                                                            <h2 class=\"entry-title title-3xl font-semibold tracking-tighter\">\n                                    M\u00e9thode                                <\/h2>\n                            \n                            <div class=\"entry-description\">\n                                                                    <p class=\"description-xl font-medium text-gray-600\">\n                                        Les Fleurs de Bach sont des \u00e9lixirs \u00e9labor\u00e9s \u00e0 partir de fleurs sauvages, selon des proc\u00e9d\u00e9s traditionnels simples et naturels. Deux m\u00e9thodes principales sont utilis\u00e9es pour leur pr\u00e9paration. La premi\u00e8re, appel\u00e9e m\u00e9thode solaire, consiste \u00e0 d\u00e9poser des fleurs fra\u00eeches dans de l\u2019eau de source puis \u00e0 les laisser infuser plusieurs heures au soleil. La seconde repose sur une \u00e9bullition douce de certaines fleurs ou parties de plantes afin d\u2019en extraire les qualit\u00e9s sp\u00e9cifiques.\nUne fois la pr\u00e9paration termin\u00e9e, le liquide est filtr\u00e9 puis stabilis\u00e9, g\u00e9n\u00e9ralement \u00e0 l\u2019aide d\u2019une petite quantit\u00e9 d\u2019alcool pour assurer sa conservation. Il existe \u00e9galement des versions sans alcool, adapt\u00e9es aux personnes qui le souhaitent.\nChaque \u00e9lixir est associ\u00e9 \u00e0 un \u00e9tat \u00e9motionnel pr\u00e9cis et peut \u00eatre utilis\u00e9 seul ou en association avec d\u2019autres, selon les besoins de chacun. Parmi les pr\u00e9parations les plus connues figure un m\u00e9lange d\u2019urgence compos\u00e9 de cinq fleurs, destin\u00e9 \u00e0 accompagner les p\u00e9riodes de stress intense ou de choc \u00e9motionnel ponctuel.\nL\u2019ensemble de la m\u00e9thode repose sur une approche simple, douce et accessible, encourageant l\u2019autonomie et une meilleure gestion des \u00e9motions au quotidien.\n                                    <\/p>\n                                \n                                                            <\/div>\n                            <!-- entry-description -->\n\n                                                        <!-- entry-actions -->\n                        <\/div>\n                        <!-- site-text-content -->\n\n                                            <\/div>\n                    <!-- padding-right -->\n                <\/div>\n                <!-- col -->\n\n                <!-- col -->\n            <\/div>\n            <!-- row -->\n        <\/div>\n        <!-- site-section-inner -->\n    <\/div>\n    <!-- container -->\n<\/div>\n<!-- site-section -->\n\n        \t\t\t\t<\/div>\n\t\t\t\t<\/div>\n\t\t\t\t\t<\/div>\n\t\t\t\t<\/div>\n\t\t<div class=\"elementor-element elementor-element-282abd4 e-flex e-con-boxed e-con e-parent\" data-id=\"282abd4\" data-element_type=\"container\" data-e-type=\"container\">\n\t\t\t\t\t<div class=\"e-con-inner\">\n\t\t\t\t<div class=\"elementor-element elementor-element-f08c2d1 elementor-widget elementor-widget-menu-anchor\" data-id=\"f08c2d1\" data-element_type=\"widget\" data-e-type=\"widget\" data-widget_type=\"menu-anchor.default\">\n\t\t\t\t\t\t\t<div class=\"elementor-menu-anchor\" id=\"indications\"><\/div>\n\t\t\t\t\t\t<\/div>\n\t\t\t\t\t<\/div>\n\t\t\t\t<\/div>\n\t\t<div class=\"elementor-element elementor-element-825ef20 e-flex e-con-boxed e-con e-parent\" data-id=\"825ef20\" data-element_type=\"container\" data-e-type=\"container\">\n\t\t\t\t\t<div class=\"e-con-inner\">\n\t\t\t\t<div class=\"elementor-element elementor-element-3539633 elementor-widget elementor-widget-heading\" data-id=\"3539633\" data-element_type=\"widget\" data-e-type=\"widget\" data-widget_type=\"heading.default\">\n\t\t\t\t\t<h2 class=\"elementor-heading-title elementor-size-default\">Indications<\/h2>\t\t\t\t<\/div>\n\t\t\t\t<div class=\"elementor-element elementor-element-3b1a6e7 elementor-widget elementor-widget-text-editor\" data-id=\"3b1a6e7\" data-element_type=\"widget\" data-e-type=\"widget\" data-widget_type=\"text-editor.default\">\n\t\t\t\t\t\t\t\t\t<p>Les Fleurs de Bach sont traditionnellement utilis\u00e9es pour accompagner et harmoniser diff\u00e9rents \u00e9tats \u00e9motionnels tels que :<\/p><ul><li>L\u2019anxi\u00e9t\u00e9, les peurs et les inqui\u00e9tudes<\/li><li>Le d\u00e9couragement, la tristesse ou la perte de motivation<\/li><li>Le manque de confiance en soi<\/li><li>Les difficult\u00e9s de concentration<\/li><li>Les troubles du sommeil li\u00e9s au stress<\/li><li>L\u2019irritabilit\u00e9, la col\u00e8re ou les sautes d\u2019humeur<\/li><li>Les p\u00e9riodes de transition ou de changement<\/li><li>Les \u00e9tats de choc \u00e9motionnel<\/li><\/ul><p>Elles sont \u00e9galement propos\u00e9es dans certaines situations de tension int\u00e9rieure, de fatigue \u00e9motionnelle ou de surcharge mentale.<\/p><p>Il est important de souligner que les effets attribu\u00e9s aux Fleurs de Bach ne font pas l\u2019objet d\u2019un consensus scientifique \u00e9tabli. Leur utilisation ne remplace en aucun cas un suivi m\u00e9dical ou psychologique. Elles peuvent \u00eatre envisag\u00e9es comme un accompagnement compl\u00e9mentaire dans une d\u00e9marche globale de bien-\u00eatre.<\/p>\t\t\t\t\t\t\t\t<\/div>\n\t\t\t\t\t<\/div>\n\t\t\t\t<\/div>\n\t\t<div class=\"elementor-element elementor-element-40fb556 e-flex e-con-boxed e-con e-parent\" data-id=\"40fb556\" data-element_type=\"container\" data-e-type=\"container\">\n\t\t\t\t\t<div class=\"e-con-inner\">\n\t\t\t\t<div class=\"elementor-element elementor-element-ff9e1b8 elementor-widget elementor-widget-menu-anchor\" data-id=\"ff9e1b8\" data-element_type=\"widget\" data-e-type=\"widget\" data-widget_type=\"menu-anchor.default\">\n\t\t\t\t\t\t\t<div class=\"elementor-menu-anchor\" id=\"pourqui\"><\/div>\n\t\t\t\t\t\t<\/div>\n\t\t\t\t\t<\/div>\n\t\t\t\t<\/div>\n\t\t<div class=\"elementor-element elementor-element-5d2a31a e-flex e-con-boxed e-con e-parent\" data-id=\"5d2a31a\" data-element_type=\"container\" data-e-type=\"container\">\n\t\t\t\t\t<div class=\"e-con-inner\">\n\t\t\t\t<div class=\"elementor-element elementor-element-62299ad elementor-widget elementor-widget-about_section_ppt\" data-id=\"62299ad\" data-element_type=\"widget\" data-e-type=\"widget\" data-widget_type=\"about_section_ppt.default\">\n\t\t\t\t<div class=\"elementor-widget-container\">\n\t\t\t\t\t\n\n<div class=\"site-section margin-top\" style=\"--mt: 30px; --mt-md: 46px; --mt-lg: 86px;\">\n    <div class=\"container\">\n        <div class=\"site-section-inner\">\n            <div class=\"row gap-y-30 align-items-center\">\n                <div class=\"col-12 col-md-12 col-lg-6 order-1 order-lg-2\">\n                                            <div class=\"padding-left\" style=\"--pl: 0; --pl-md: 0; --pl-lg: 20px;\">\n                            <div class=\"entry-media position-relative overflow-hidden rounded-base inview-element\" data-inview-animation=\"transformY\">\n                                    <img decoding=\"async\" src=\"https:\/\/masophro.com\/wp-content\/uploads\/2026\/02\/Ma-sophro-3.png\" alt=\"Pour qui?\">\n                            <\/div>\n                            <!-- entry-media -->\n                        <\/div>\n                        <!-- padding-left -->\n                                    <\/div>\n                <!-- col -->\n                <div class=\"col-12 col-md-12 col-lg-6 order-2 order-lg-1\">\n                    <div class=\"padding-right\" style=\"--pr: 0; --pr-md: 0; --pr-lg: 20px;\">\n                        <div class=\"site-text-content\">\n                            \n                                                            <h2 class=\"entry-title title-3xl font-semibold tracking-tighter\">\n                                    Pour qui?                                <\/h2>\n                            \n                            <div class=\"entry-description\">\n                                                                    <p class=\"description-xl font-medium text-gray-600\">\n                                        Les Fleurs de Bach s\u2019adressent \u00e0 un large public. Elles peuvent \u00eatre utilis\u00e9es chez l\u2019enfant, l\u2019adolescent, l\u2019adulte ou la personne \u00e2g\u00e9e. Certaines personnes les emploient \u00e9galement pour les animaux ou m\u00eame pour les plantes.\nLa m\u00e9thode convient particuli\u00e8rement \u00e0 ceux qui souhaitent travailler sur leurs \u00e9motions de mani\u00e8re douce et naturelle. Elle peut accompagner diff\u00e9rentes \u00e9tapes de vie, soutenir lors de p\u00e9riodes difficiles ou contribuer \u00e0 renforcer l\u2019\u00e9quilibre \u00e9motionnel au quotidien.\nCompatibles avec d\u2019autres approches th\u00e9rapeutiques, les \u00e9lixirs floraux s\u2019inscrivent dans une d\u00e9marche compl\u00e9mentaire. L\u2019objectif est d\u2019encourager une meilleure compr\u00e9hension de ses \u00e9tats int\u00e9rieurs et de favoriser une harmonie globale entre \u00e9motions et bien-\u00eatre g\u00e9n\u00e9ral.                                    <\/p>\n                                \n                                                            <\/div>\n                            <!-- entry-description -->\n\n                                                        <!-- entry-actions -->\n                        <\/div>\n                        <!-- site-text-content -->\n\n                                            <\/div>\n                    <!-- padding-right -->\n                <\/div>\n                <!-- col -->\n\n                <!-- col -->\n            <\/div>\n            <!-- row -->\n        <\/div>\n        <!-- site-section-inner -->\n    <\/div>\n    <!-- container -->\n<\/div>\n<!-- site-section -->\n\n        \t\t\t\t<\/div>\n\t\t\t\t<\/div>\n\t\t\t\t\t<\/div>\n\t\t\t\t<\/div>\n\t\t\t\t<\/div>\n\t\t","protected":false},"excerpt":{"rendered":"<p>Fleurs de Bach<\/p>\n","protected":false},"author":1,"featured_media":0,"parent":0,"menu_order":0,"comment_status":"closed","ping_status":"closed","template":"","meta":{"footnotes":""},"class_list":["post-631","page","type-page","status-publish","hentry"],"meta_box":{"page_hide_title_bar":"0","page_hide_inner_padding":"0","page_title_bar_bg_image":[],"page_title_bar_bg_color":"","page_title_bar_bg_repeat":"no-repeat","page_title_bar_bg_size":"cover","page_title_bar_bg_position":"center center","page_header_option":"inherit"},"_links":{"self":[{"href":"https:\/\/masophro.com\/index.php\/wp-json\/wp\/v2\/pages\/631","targetHints":{"allow":["GET"]}}],"collection":[{"href":"https:\/\/masophro.com\/index.php\/wp-json\/wp\/v2\/pages"}],"about":[{"href":"https:\/\/masophro.com\/index.php\/wp-json\/wp\/v2\/types\/page"}],"author":[{"embeddable":true,"href":"https:\/\/masophro.com\/index.php\/wp-json\/wp\/v2\/users\/1"}],"replies":[{"embeddable":true,"href":"https:\/\/masophro.com\/index.php\/wp-json\/wp\/v2\/comments?post=631"}],"version-history":[{"count":35,"href":"https:\/\/masophro.com\/index.php\/wp-json\/wp\/v2\/pages\/631\/revisions"}],"predecessor-version":[{"id":1019,"href":"https:\/\/masophro.com\/index.php\/wp-json\/wp\/v2\/pages\/631\/revisions\/1019"}],"wp:attachment":[{"href":"https:\/\/masophro.com\/index.php\/wp-json\/wp\/v2\/media?parent=631"}],"curies":[{"name":"wp","href":"https:\/\/api.w.org\/{rel}","templated":true}]}}