{"id":624,"date":"2026-02-17T12:47:53","date_gmt":"2026-02-17T12:47:53","guid":{"rendered":"https:\/\/masophro.com\/?page_id=624"},"modified":"2026-02-25T08:51:28","modified_gmt":"2026-02-25T08:51:28","slug":"sophrologie","status":"publish","type":"page","link":"https:\/\/masophro.com\/index.php\/sophrologie\/","title":{"rendered":"sophrologie"},"content":{"rendered":"\t\t<div data-elementor-type=\"wp-page\" data-elementor-id=\"624\" class=\"elementor elementor-624\">\n\t\t\t\t<div class=\"elementor-element elementor-element-577d07c e-flex e-con-boxed e-con e-parent\" data-id=\"577d07c\" data-element_type=\"container\" data-e-type=\"container\">\n\t\t\t\t\t<div class=\"e-con-inner\">\n\t\t\t\t<div class=\"elementor-element elementor-element-162e575 elementor-widget elementor-widget-menu-anchor\" data-id=\"162e575\" data-element_type=\"widget\" data-e-type=\"widget\" data-widget_type=\"menu-anchor.default\">\n\t\t\t\t\t\t\t<div class=\"elementor-menu-anchor\" id=\"origine\"><\/div>\n\t\t\t\t\t\t<\/div>\n\t\t\t\t<div class=\"elementor-element elementor-element-7c4276c elementor-widget elementor-widget-about_section_ppt\" data-id=\"7c4276c\" data-element_type=\"widget\" data-e-type=\"widget\" data-widget_type=\"about_section_ppt.default\">\n\t\t\t\t<div class=\"elementor-widget-container\">\n\t\t\t\t\t\n\n<div class=\"site-section margin-top\" style=\"--mt: 30px; --mt-md: 46px; --mt-lg: 86px;\">\n    <div class=\"container\">\n        <div class=\"site-section-inner\">\n            <div class=\"row gap-y-30 align-items-center\">\n                <div class=\"col-12 col-md-12 col-lg-6 order-1 order-lg-2\">\n                                            <div class=\"padding-left\" style=\"--pl: 0; --pl-md: 0; --pl-lg: 20px;\">\n                            <div class=\"entry-media position-relative overflow-hidden rounded-base inview-element\" data-inview-animation=\"transformY\">\n                                    <img decoding=\"async\" src=\"https:\/\/masophro.com\/wp-content\/uploads\/2026\/02\/Ma-sophro.png\" alt=\"Origine\">\n                            <\/div>\n                            <!-- entry-media -->\n                        <\/div>\n                        <!-- padding-left -->\n                                    <\/div>\n                <!-- col -->\n                <div class=\"col-12 col-md-12 col-lg-6 order-2 order-lg-1\">\n                    <div class=\"padding-right\" style=\"--pr: 0; --pr-md: 0; --pr-lg: 20px;\">\n                        <div class=\"site-text-content\">\n                                                            <h4 class=\"entry-subtitle subtitle-base font-bold text-primary\">\n                                                                        <\/h4>\n                            \n                                                            <h2 class=\"entry-title title-3xl font-semibold tracking-tighter\">\n                                    Origine                                <\/h2>\n                            \n                            <div class=\"entry-description\">\n                                                                    <p class=\"description-xl font-medium text-gray-600\">\n                                        \n\nLa sophrologie a \u00e9t\u00e9 cr\u00e9\u00e9e en 1960 par le neuropsychiatre Alfonso Caycedo. \u00c0 l\u2019origine, cette m\u00e9thode s\u2019inscrivait dans un cadre th\u00e9rapeutique, avec pour objectif d\u2019accompagner certaines probl\u00e9matiques li\u00e9es \u00e0 la sant\u00e9 mentale.\nSon fondateur s\u2019est inspir\u00e9 de diff\u00e9rentes techniques occidentales et orientales, telles que l\u2019hypnose, certaines pratiques de relaxation, le yoga ou encore la m\u00e9ditation. Il a ainsi \u00e9labor\u00e9 une approche structur\u00e9e, centr\u00e9e sur le d\u00e9veloppement de la conscience et l\u2019harmonisation globale de la personne.\nAvec le temps, la sophrologie s\u2019est \u00e9tendue \u00e0 de nombreux domaines, notamment l\u2019\u00e9ducation, le sport, la pr\u00e9paration aux examens ou encore l\u2019accompagnement des grandes \u00e9tapes de vie.\n                                    <\/p>\n                                \n                                                            <\/div>\n                            <!-- entry-description -->\n\n                                                        <!-- entry-actions -->\n                        <\/div>\n                        <!-- site-text-content -->\n\n                                            <\/div>\n                    <!-- padding-right -->\n                <\/div>\n                <!-- col -->\n\n                <!-- col -->\n            <\/div>\n            <!-- row -->\n        <\/div>\n        <!-- site-section-inner -->\n    <\/div>\n    <!-- container -->\n<\/div>\n<!-- site-section -->\n\n        \t\t\t\t<\/div>\n\t\t\t\t<\/div>\n\t\t\t\t\t<\/div>\n\t\t\t\t<\/div>\n\t\t<div class=\"elementor-element elementor-element-98e183e e-flex e-con-boxed e-con e-parent\" data-id=\"98e183e\" data-element_type=\"container\" data-e-type=\"container\">\n\t\t\t\t\t<div class=\"e-con-inner\">\n\t\t\t\t<div class=\"elementor-element elementor-element-5b0b2ee elementor-widget elementor-widget-menu-anchor\" data-id=\"5b0b2ee\" data-element_type=\"widget\" data-e-type=\"widget\" data-widget_type=\"menu-anchor.default\">\n\t\t\t\t\t\t\t<div class=\"elementor-menu-anchor\" id=\"methode\"><\/div>\n\t\t\t\t\t\t<\/div>\n\t\t\t\t<div class=\"elementor-element elementor-element-20e3133 elementor-widget elementor-widget-about_section_ppt\" data-id=\"20e3133\" data-element_type=\"widget\" data-e-type=\"widget\" data-widget_type=\"about_section_ppt.default\">\n\t\t\t\t<div class=\"elementor-widget-container\">\n\t\t\t\t\t\n\n<div class=\"site-section margin-top\" style=\"--mt: 30px; --mt-md: 46px; --mt-lg: 86px;\">\n    <div class=\"container\">\n        <div class=\"site-section-inner\">\n            <div class=\"row gap-y-30 align-items-center\">\n                <div class=\"col-12 col-md-12 col-lg-6 order-1 order-lg-2\">\n                                            <div class=\"padding-left\" style=\"--pl: 0; --pl-md: 0; --pl-lg: 20px;\">\n                            <div class=\"entry-media position-relative overflow-hidden rounded-base inview-element\" data-inview-animation=\"transformY\">\n                                    <img decoding=\"async\" src=\"https:\/\/masophro.com\/wp-content\/uploads\/2026\/02\/Ma-sophro-2.png\" alt=\"M\u00e9thode\">\n                            <\/div>\n                            <!-- entry-media -->\n                        <\/div>\n                        <!-- padding-left -->\n                                    <\/div>\n                <!-- col -->\n                <div class=\"col-12 col-md-12 col-lg-6 order-2 order-lg-1\">\n                    <div class=\"padding-right\" style=\"--pr: 0; --pr-md: 0; --pr-lg: 20px;\">\n                        <div class=\"site-text-content\">\n                            \n                                                            <h2 class=\"entry-title title-3xl font-semibold tracking-tighter\">\n                                    M\u00e9thode                                <\/h2>\n                            \n                            <div class=\"entry-description\">\n                                                                    <p class=\"description-xl font-medium text-gray-600\">\n                                        La sophrologie est une approche psychocorporelle qui associe respiration contr\u00f4l\u00e9e, rel\u00e2chement musculaire et visualisation mentale positive. Elle vise \u00e0 favoriser un meilleur \u00e9quilibre entre le corps et l\u2019esprit en d\u00e9veloppant la conscience de soi et la capacit\u00e9 d\u2019adaptation face aux d\u00e9fis du quotidien.\nIl s\u2019agit d\u2019une m\u00e9thode active : la personne participe pleinement aux exercices et reste consciente tout au long de la pratique. \u00c0 travers des techniques simples et accessibles, elle apprend \u00e0 rel\u00e2cher les tensions physiques, \u00e0 apaiser le mental et \u00e0 renforcer ses ressources personnelles.\nLa respiration permet notamment de r\u00e9guler les \u00e9motions et d\u2019apaiser le syst\u00e8me nerveux. Les exercices de visualisation, quant \u00e0 eux, aident \u00e0 mobiliser des pens\u00e9es positives, \u00e0 d\u00e9velopper la confiance en soi et \u00e0 se pr\u00e9parer sereinement \u00e0 des situations sp\u00e9cifiques. Progressivement, la pratique installe un \u00e9tat de calme durable et am\u00e9liore la qualit\u00e9 de vie.                                    <\/p>\n                                \n                                                            <\/div>\n                            <!-- entry-description -->\n\n                                                        <!-- entry-actions -->\n                        <\/div>\n                        <!-- site-text-content -->\n\n                                            <\/div>\n                    <!-- padding-right -->\n                <\/div>\n                <!-- col -->\n\n                <!-- col -->\n            <\/div>\n            <!-- row -->\n        <\/div>\n        <!-- site-section-inner -->\n    <\/div>\n    <!-- container -->\n<\/div>\n<!-- site-section -->\n\n        \t\t\t\t<\/div>\n\t\t\t\t<\/div>\n\t\t\t\t\t<\/div>\n\t\t\t\t<\/div>\n\t\t<div class=\"elementor-element elementor-element-825ef20 e-flex e-con-boxed e-con e-parent\" data-id=\"825ef20\" data-element_type=\"container\" data-e-type=\"container\">\n\t\t\t\t\t<div class=\"e-con-inner\">\n\t\t\t\t<div class=\"elementor-element elementor-element-32626f4 elementor-widget elementor-widget-menu-anchor\" data-id=\"32626f4\" data-element_type=\"widget\" data-e-type=\"widget\" data-widget_type=\"menu-anchor.default\">\n\t\t\t\t\t\t\t<div class=\"elementor-menu-anchor\" id=\"indications\"><\/div>\n\t\t\t\t\t\t<\/div>\n\t\t\t\t<div class=\"elementor-element elementor-element-3539633 elementor-widget elementor-widget-heading\" data-id=\"3539633\" data-element_type=\"widget\" data-e-type=\"widget\" data-widget_type=\"heading.default\">\n\t\t\t\t\t<h2 class=\"elementor-heading-title elementor-size-default\"><b>Indications<\/b><\/h2>\t\t\t\t<\/div>\n\t\t\t\t<div class=\"elementor-element elementor-element-3b1a6e7 elementor-widget elementor-widget-text-editor\" data-id=\"3b1a6e7\" data-element_type=\"widget\" data-e-type=\"widget\" data-widget_type=\"text-editor.default\">\n\t\t\t\t\t\t\t\t\t<p>La sophrologie peut \u00eatre utilis\u00e9e dans de nombreuses situations, parmi lesquelles :<\/p><ul><li>Gestion du stress et de l\u2019anxi\u00e9t\u00e9<\/li><li>Renforcement de la confiance en soi et de l\u2019estime personnelle<\/li><li>Pr\u00e9paration \u00e0 des \u00e9v\u00e9nements importants (examens, comp\u00e9titions, entretiens, prises de parole\u2026)<\/li><li>Accompagnement lors de changements personnels ou professionnels<\/li><li>Am\u00e9lioration de la concentration et de la m\u00e9moire<\/li><li>Soutien face \u00e0 des situations difficiles ou douloureuses (deuil, accidents, chocs \u00e9motionnels)<\/li><li>Gestion des phobies<\/li><li>Am\u00e9lioration de la qualit\u00e9 du sommeil<\/li><li>Accompagnement dans des d\u00e9marches de sevrage<\/li><li>D\u00e9veloppement personnel et professionnel<\/li><li>Stimulation de la cr\u00e9ativit\u00e9<\/li><li>Accompagnement des troubles alimentaires<\/li><li>Soutien durant la grossesse et pr\u00e9paration \u00e0 la maternit\u00e9<\/li><li>Difficult\u00e9s li\u00e9es \u00e0 la vie intime<\/li><\/ul><p>Elle constitue un outil d\u2019accompagnement global favorisant un mieux-\u00eatre durable.<\/p>\t\t\t\t\t\t\t\t<\/div>\n\t\t\t\t\t<\/div>\n\t\t\t\t<\/div>\n\t\t<div class=\"elementor-element elementor-element-5d2a31a e-flex e-con-boxed e-con e-parent\" data-id=\"5d2a31a\" data-element_type=\"container\" data-e-type=\"container\">\n\t\t\t\t\t<div class=\"e-con-inner\">\n\t\t\t\t<div class=\"elementor-element elementor-element-322466b elementor-widget elementor-widget-menu-anchor\" data-id=\"322466b\" data-element_type=\"widget\" data-e-type=\"widget\" data-widget_type=\"menu-anchor.default\">\n\t\t\t\t\t\t\t<div class=\"elementor-menu-anchor\" id=\"pourqui\"><\/div>\n\t\t\t\t\t\t<\/div>\n\t\t\t\t<div class=\"elementor-element elementor-element-62299ad elementor-widget elementor-widget-about_section_ppt\" data-id=\"62299ad\" data-element_type=\"widget\" data-e-type=\"widget\" data-widget_type=\"about_section_ppt.default\">\n\t\t\t\t<div class=\"elementor-widget-container\">\n\t\t\t\t\t\n\n<div class=\"site-section margin-top\" style=\"--mt: 30px; --mt-md: 46px; --mt-lg: 86px;\">\n    <div class=\"container\">\n        <div class=\"site-section-inner\">\n            <div class=\"row gap-y-30 align-items-center\">\n                <div class=\"col-12 col-md-12 col-lg-6 order-1 order-lg-2\">\n                                            <div class=\"padding-left\" style=\"--pl: 0; --pl-md: 0; --pl-lg: 20px;\">\n                            <div class=\"entry-media position-relative overflow-hidden rounded-base inview-element\" data-inview-animation=\"transformY\">\n                                    <img decoding=\"async\" src=\"https:\/\/masophro.com\/wp-content\/uploads\/2026\/02\/Ma-sophro-1.png\" alt=\"Pour qui?\">\n                            <\/div>\n                            <!-- entry-media -->\n                        <\/div>\n                        <!-- padding-left -->\n                                    <\/div>\n                <!-- col -->\n                <div class=\"col-12 col-md-12 col-lg-6 order-2 order-lg-1\">\n                    <div class=\"padding-right\" style=\"--pr: 0; --pr-md: 0; --pr-lg: 20px;\">\n                        <div class=\"site-text-content\">\n                            \n                                                            <h2 class=\"entry-title title-3xl font-semibold tracking-tighter\">\n                                    Pour qui?                                <\/h2>\n                            \n                            <div class=\"entry-description\">\n                                                                    <p class=\"description-xl font-medium text-gray-600\">\n                                        La sophrologie s\u2019adresse \u00e0 tous les publics. Enfants, adolescents, adultes et seniors peuvent b\u00e9n\u00e9ficier de cette m\u00e9thode, car elle s\u2019adapte aux besoins, aux capacit\u00e9s et aux objectifs de chacun.\nSes principaux objectifs sont de favoriser une meilleure relation \u00e0 soi-m\u00eame et une conscience plus attentive du corps. Elle aide \u00e0 vivre l\u2019instant pr\u00e9sent, \u00e0 rel\u00e2cher les tensions, \u00e0 d\u00e9velopper une respiration plus apaisante et \u00e0 renforcer ses ressources int\u00e9rieures.\nAu fil des s\u00e9ances, la personne apprend \u00e0 mieux g\u00e9rer le stress, \u00e0 prendre du recul face aux situations complexes, \u00e0 am\u00e9liorer sa concentration et son sommeil, et \u00e0 cultiver un \u00e9tat d\u2019esprit plus positif. Les effets b\u00e9n\u00e9fiques se ressentent d\u00e8s la pratique et s\u2019installent progressivement dans la vie quotidienne, contribuant \u00e0 un \u00e9quilibre plus stable et harmonieux.                                    <\/p>\n                                \n                                                            <\/div>\n                            <!-- entry-description -->\n\n                                                        <!-- entry-actions -->\n                        <\/div>\n                        <!-- site-text-content -->\n\n                                            <\/div>\n                    <!-- padding-right -->\n                <\/div>\n                <!-- col -->\n\n                <!-- col -->\n            <\/div>\n            <!-- row -->\n        <\/div>\n        <!-- site-section-inner -->\n    <\/div>\n    <!-- container -->\n<\/div>\n<!-- site-section -->\n\n        \t\t\t\t<\/div>\n\t\t\t\t<\/div>\n\t\t\t\t\t<\/div>\n\t\t\t\t<\/div>\n\t\t<div class=\"elementor-element elementor-element-9a5577f e-flex e-con-boxed e-con e-parent\" data-id=\"9a5577f\" data-element_type=\"container\" data-e-type=\"container\">\n\t\t\t\t\t<div class=\"e-con-inner\">\n\t\t\t\t\t<\/div>\n\t\t\t\t<\/div>\n\t\t\t\t<\/div>\n\t\t","protected":false},"excerpt":{"rendered":"<p>sophrologie<\/p>\n","protected":false},"author":1,"featured_media":622,"parent":0,"menu_order":0,"comment_status":"closed","ping_status":"closed","template":"","meta":{"footnotes":""},"class_list":["post-624","page","type-page","status-publish","has-post-thumbnail","hentry"],"meta_box":{"page_hide_title_bar":"0","page_hide_inner_padding":"0","page_title_bar_bg_image":[],"page_title_bar_bg_color":"","page_title_bar_bg_repeat":"no-repeat","page_title_bar_bg_size":"cover","page_title_bar_bg_position":"center center","page_header_option":"inherit"},"_links":{"self":[{"href":"https:\/\/masophro.com\/index.php\/wp-json\/wp\/v2\/pages\/624","targetHints":{"allow":["GET"]}}],"collection":[{"href":"https:\/\/masophro.com\/index.php\/wp-json\/wp\/v2\/pages"}],"about":[{"href":"https:\/\/masophro.com\/index.php\/wp-json\/wp\/v2\/types\/page"}],"author":[{"embeddable":true,"href":"https:\/\/masophro.com\/index.php\/wp-json\/wp\/v2\/users\/1"}],"replies":[{"embeddable":true,"href":"https:\/\/masophro.com\/index.php\/wp-json\/wp\/v2\/comments?post=624"}],"version-history":[{"count":29,"href":"https:\/\/masophro.com\/index.php\/wp-json\/wp\/v2\/pages\/624\/revisions"}],"predecessor-version":[{"id":1016,"href":"https:\/\/masophro.com\/index.php\/wp-json\/wp\/v2\/pages\/624\/revisions\/1016"}],"wp:featuredmedia":[{"embeddable":true,"href":"https:\/\/masophro.com\/index.php\/wp-json\/wp\/v2\/media\/622"}],"wp:attachment":[{"href":"https:\/\/masophro.com\/index.php\/wp-json\/wp\/v2\/media?parent=624"}],"curies":[{"name":"wp","href":"https:\/\/api.w.org\/{rel}","templated":true}]}}